{"id":8503,"date":"2022-10-07T13:15:58","date_gmt":"2022-10-07T11:15:58","guid":{"rendered":"https:\/\/lyonbiopole.com\/connect-the-health-network\/recherchez-un-acteur-de-la-sante-en-auvergne-rhone-alpes"},"modified":"2022-10-28T10:41:05","modified_gmt":"2022-10-28T08:41:05","slug":"find-a-healthcare-provider-in-auvergne-rhone-alpes","status":"publish","type":"page","link":"https:\/\/lyonbiopole.com\/en\/connect-the-health-network\/find-a-healthcare-provider-in-auvergne-rhone-alpes","title":{"rendered":"Find a healthcare provider in Auvergne Rh\u00f4ne Alpes"},"content":{"rendered":"","protected":false},"excerpt":{"rendered":"","protected":false},"author":2,"featured_media":0,"parent":5822,"menu_order":25,"comment_status":"closed","ping_status":"closed","template":"","meta":{"_acf_changed":false},"class_list":["post-8503","page","type-page","status-publish","hentry"],"acf":[],"yoast_head":"<!-- This site is optimized with the Yoast SEO plugin v27.4 - https:\/\/yoast.com\/product\/yoast-seo-wordpress\/ -->\n<title>Find a healthcare provider in Auvergne Rh\u00f4ne Alpes<\/title>\n<meta name=\"description\" content=\"PME, grands groupes, instituts de recherche, centres de soins et de lutte contre le cancer, organismes de formation\u00a0en Auvergne-Rh\u00f4ne-Alpes\" \/>\n<meta name=\"robots\" content=\"index, follow, max-snippet:-1, max-image-preview:large, max-video-preview:-1\" \/>\n<link rel=\"canonical\" href=\"https:\/\/lyonbiopole.com\/en\/connect-the-health-network\/find-a-healthcare-provider-in-auvergne-rhone-alpes\" \/>\n<meta property=\"og:locale\" content=\"en_US\" \/>\n<meta property=\"og:type\" content=\"article\" \/>\n<meta property=\"og:title\" content=\"Find a healthcare provider in Auvergne Rh\u00f4ne Alpes\" \/>\n<meta property=\"og:description\" content=\"PME, grands groupes, instituts de recherche, centres de soins et de lutte contre le cancer, organismes de formation\u00a0en Auvergne-Rh\u00f4ne-Alpes\" \/>\n<meta property=\"og:url\" content=\"https:\/\/lyonbiopole.com\/en\/connect-the-health-network\/find-a-healthcare-provider-in-auvergne-rhone-alpes\" \/>\n<meta property=\"og:site_name\" content=\"Lyonbiop\u00f4le\" \/>\n<meta property=\"article:modified_time\" content=\"2022-10-28T08:41:05+00:00\" \/>\n<meta name=\"twitter:card\" content=\"summary_large_image\" \/>\n<script type=\"application\/ld+json\" class=\"yoast-schema-graph\">{\"@context\":\"https:\\\/\\\/schema.org\",\"@graph\":[{\"@type\":\"WebPage\",\"@id\":\"https:\\\/\\\/lyonbiopole.com\\\/en\\\/connect-the-health-network\\\/find-a-healthcare-provider-in-auvergne-rhone-alpes\",\"url\":\"https:\\\/\\\/lyonbiopole.com\\\/en\\\/connect-the-health-network\\\/find-a-healthcare-provider-in-auvergne-rhone-alpes\",\"name\":\"Find a healthcare provider in Auvergne Rh\u00f4ne Alpes\",\"isPartOf\":{\"@id\":\"https:\\\/\\\/lyonbiopole.com\\\/#website\"},\"datePublished\":\"2022-10-07T11:15:58+00:00\",\"dateModified\":\"2022-10-28T08:41:05+00:00\",\"description\":\"PME, grands groupes, instituts de recherche, centres de soins et de lutte contre le cancer, organismes de formation\u00a0en Auvergne-Rh\u00f4ne-Alpes\",\"breadcrumb\":{\"@id\":\"https:\\\/\\\/lyonbiopole.com\\\/en\\\/connect-the-health-network\\\/find-a-healthcare-provider-in-auvergne-rhone-alpes#breadcrumb\"},\"inLanguage\":\"en-US\",\"potentialAction\":[{\"@type\":\"ReadAction\",\"target\":[\"https:\\\/\\\/lyonbiopole.com\\\/en\\\/connect-the-health-network\\\/find-a-healthcare-provider-in-auvergne-rhone-alpes\"]}]},{\"@type\":\"BreadcrumbList\",\"@id\":\"https:\\\/\\\/lyonbiopole.com\\\/en\\\/connect-the-health-network\\\/find-a-healthcare-provider-in-auvergne-rhone-alpes#breadcrumb\",\"itemListElement\":[{\"@type\":\"ListItem\",\"position\":1,\"name\":\"Connect\",\"item\":\"https:\\\/\\\/lyonbiopole.com\\\/en\\\/connect-the-health-network\"},{\"@type\":\"ListItem\",\"position\":2,\"name\":\"Find a healthcare provider in Auvergne Rh\u00f4ne Alpes\"}]},{\"@type\":\"WebSite\",\"@id\":\"https:\\\/\\\/lyonbiopole.com\\\/#website\",\"url\":\"https:\\\/\\\/lyonbiopole.com\\\/\",\"name\":\"Lyonbiop\u00f4le\",\"description\":\"Le r\u00e9seau innovation sant\u00e9 de la r\u00e9gion Auvergne Rh\u00f4ne-Alpes\",\"potentialAction\":[{\"@type\":\"SearchAction\",\"target\":{\"@type\":\"EntryPoint\",\"urlTemplate\":\"https:\\\/\\\/lyonbiopole.com\\\/?s={search_term_string}\"},\"query-input\":{\"@type\":\"PropertyValueSpecification\",\"valueRequired\":true,\"valueName\":\"search_term_string\"}}],\"inLanguage\":\"en-US\"}]}<\/script>\n<!-- \/ Yoast SEO plugin. -->","yoast_head_json":{"title":"Find a healthcare provider in Auvergne Rh\u00f4ne Alpes","description":"PME, grands groupes, instituts de recherche, centres de soins et de lutte contre le cancer, organismes de formation\u00a0en Auvergne-Rh\u00f4ne-Alpes","robots":{"index":"index","follow":"follow","max-snippet":"max-snippet:-1","max-image-preview":"max-image-preview:large","max-video-preview":"max-video-preview:-1"},"canonical":"https:\/\/lyonbiopole.com\/en\/connect-the-health-network\/find-a-healthcare-provider-in-auvergne-rhone-alpes","og_locale":"en_US","og_type":"article","og_title":"Find a healthcare provider in Auvergne Rh\u00f4ne Alpes","og_description":"PME, grands groupes, instituts de recherche, centres de soins et de lutte contre le cancer, organismes de formation\u00a0en Auvergne-Rh\u00f4ne-Alpes","og_url":"https:\/\/lyonbiopole.com\/en\/connect-the-health-network\/find-a-healthcare-provider-in-auvergne-rhone-alpes","og_site_name":"Lyonbiop\u00f4le","article_modified_time":"2022-10-28T08:41:05+00:00","twitter_card":"summary_large_image","schema":{"@context":"https:\/\/schema.org","@graph":[{"@type":"WebPage","@id":"https:\/\/lyonbiopole.com\/en\/connect-the-health-network\/find-a-healthcare-provider-in-auvergne-rhone-alpes","url":"https:\/\/lyonbiopole.com\/en\/connect-the-health-network\/find-a-healthcare-provider-in-auvergne-rhone-alpes","name":"Find a healthcare provider in Auvergne Rh\u00f4ne Alpes","isPartOf":{"@id":"https:\/\/lyonbiopole.com\/#website"},"datePublished":"2022-10-07T11:15:58+00:00","dateModified":"2022-10-28T08:41:05+00:00","description":"PME, grands groupes, instituts de recherche, centres de soins et de lutte contre le cancer, organismes de formation\u00a0en Auvergne-Rh\u00f4ne-Alpes","breadcrumb":{"@id":"https:\/\/lyonbiopole.com\/en\/connect-the-health-network\/find-a-healthcare-provider-in-auvergne-rhone-alpes#breadcrumb"},"inLanguage":"en-US","potentialAction":[{"@type":"ReadAction","target":["https:\/\/lyonbiopole.com\/en\/connect-the-health-network\/find-a-healthcare-provider-in-auvergne-rhone-alpes"]}]},{"@type":"BreadcrumbList","@id":"https:\/\/lyonbiopole.com\/en\/connect-the-health-network\/find-a-healthcare-provider-in-auvergne-rhone-alpes#breadcrumb","itemListElement":[{"@type":"ListItem","position":1,"name":"Connect","item":"https:\/\/lyonbiopole.com\/en\/connect-the-health-network"},{"@type":"ListItem","position":2,"name":"Find a healthcare provider in Auvergne Rh\u00f4ne Alpes"}]},{"@type":"WebSite","@id":"https:\/\/lyonbiopole.com\/#website","url":"https:\/\/lyonbiopole.com\/","name":"Lyonbiop\u00f4le","description":"Le r\u00e9seau innovation sant\u00e9 de la r\u00e9gion Auvergne Rh\u00f4ne-Alpes","potentialAction":[{"@type":"SearchAction","target":{"@type":"EntryPoint","urlTemplate":"https:\/\/lyonbiopole.com\/?s={search_term_string}"},"query-input":{"@type":"PropertyValueSpecification","valueRequired":true,"valueName":"search_term_string"}}],"inLanguage":"en-US"}]}},"_links":{"self":[{"href":"https:\/\/lyonbiopole.com\/en\/wp-json\/wp\/v2\/pages\/8503","targetHints":{"allow":["GET"]}}],"collection":[{"href":"https:\/\/lyonbiopole.com\/en\/wp-json\/wp\/v2\/pages"}],"about":[{"href":"https:\/\/lyonbiopole.com\/en\/wp-json\/wp\/v2\/types\/page"}],"author":[{"embeddable":true,"href":"https:\/\/lyonbiopole.com\/en\/wp-json\/wp\/v2\/users\/2"}],"replies":[{"embeddable":true,"href":"https:\/\/lyonbiopole.com\/en\/wp-json\/wp\/v2\/comments?post=8503"}],"version-history":[{"count":0,"href":"https:\/\/lyonbiopole.com\/en\/wp-json\/wp\/v2\/pages\/8503\/revisions"}],"up":[{"embeddable":true,"href":"https:\/\/lyonbiopole.com\/en\/wp-json\/wp\/v2\/pages\/5822"}],"wp:attachment":[{"href":"https:\/\/lyonbiopole.com\/en\/wp-json\/wp\/v2\/media?parent=8503"}],"curies":[{"name":"wp","href":"https:\/\/api.w.org\/{rel}","templated":true}]}}