{"id":5888,"date":"2021-12-15T23:42:42","date_gmt":"2021-12-15T22:42:42","guid":{"rendered":"https:\/\/lyonbiopole.com\/competences-metiers"},"modified":"2022-05-27T12:04:31","modified_gmt":"2022-05-27T10:04:31","slug":"skills-trades","status":"publish","type":"page","link":"https:\/\/lyonbiopole.com\/en\/health-business-development\/skills-trades","title":{"rendered":"Skills &#038; Trades"},"content":{"rendered":"","protected":false},"excerpt":{"rendered":"","protected":false},"author":2,"featured_media":0,"parent":5893,"menu_order":68,"comment_status":"closed","ping_status":"closed","template":"","meta":{"_acf_changed":false},"class_list":["post-5888","page","type-page","status-publish","hentry"],"acf":[],"yoast_head":"<!-- This site is optimized with the Yoast SEO plugin v27.3 - https:\/\/yoast.com\/product\/yoast-seo-wordpress\/ -->\n<title>Skills &amp; Trades - Lyonbiop\u00f4le<\/title>\n<meta name=\"robots\" content=\"index, follow, max-snippet:-1, max-image-preview:large, max-video-preview:-1\" \/>\n<link rel=\"canonical\" href=\"https:\/\/lyonbiopole.com\/en\/health-business-development\/skills-trades\" \/>\n<meta property=\"og:locale\" content=\"en_US\" \/>\n<meta property=\"og:type\" content=\"article\" \/>\n<meta property=\"og:title\" content=\"Skills &amp; Trades - Lyonbiop\u00f4le\" \/>\n<meta property=\"og:url\" content=\"https:\/\/lyonbiopole.com\/en\/health-business-development\/skills-trades\" \/>\n<meta property=\"og:site_name\" content=\"Lyonbiop\u00f4le\" \/>\n<meta property=\"article:modified_time\" content=\"2022-05-27T10:04:31+00:00\" \/>\n<meta name=\"twitter:card\" content=\"summary_large_image\" \/>\n<script type=\"application\/ld+json\" class=\"yoast-schema-graph\">{\"@context\":\"https:\\\/\\\/schema.org\",\"@graph\":[{\"@type\":\"WebPage\",\"@id\":\"https:\\\/\\\/lyonbiopole.com\\\/en\\\/health-business-development\\\/skills-trades\",\"url\":\"https:\\\/\\\/lyonbiopole.com\\\/en\\\/health-business-development\\\/skills-trades\",\"name\":\"Skills & Trades - Lyonbiop\u00f4le\",\"isPartOf\":{\"@id\":\"https:\\\/\\\/lyonbiopole.com\\\/#website\"},\"datePublished\":\"2021-12-15T22:42:42+00:00\",\"dateModified\":\"2022-05-27T10:04:31+00:00\",\"breadcrumb\":{\"@id\":\"https:\\\/\\\/lyonbiopole.com\\\/en\\\/health-business-development\\\/skills-trades#breadcrumb\"},\"inLanguage\":\"en-US\",\"potentialAction\":[{\"@type\":\"ReadAction\",\"target\":[\"https:\\\/\\\/lyonbiopole.com\\\/en\\\/health-business-development\\\/skills-trades\"]}]},{\"@type\":\"BreadcrumbList\",\"@id\":\"https:\\\/\\\/lyonbiopole.com\\\/en\\\/health-business-development\\\/skills-trades#breadcrumb\",\"itemListElement\":[{\"@type\":\"ListItem\",\"position\":1,\"name\":\"Develop\",\"item\":\"https:\\\/\\\/lyonbiopole.com\\\/en\\\/health-business-development\"},{\"@type\":\"ListItem\",\"position\":2,\"name\":\"Skills &#038; Trades\"}]},{\"@type\":\"WebSite\",\"@id\":\"https:\\\/\\\/lyonbiopole.com\\\/#website\",\"url\":\"https:\\\/\\\/lyonbiopole.com\\\/\",\"name\":\"Lyonbiop\u00f4le\",\"description\":\"Le r\u00e9seau innovation sant\u00e9 de la r\u00e9gion Auvergne Rh\u00f4ne-Alpes\",\"potentialAction\":[{\"@type\":\"SearchAction\",\"target\":{\"@type\":\"EntryPoint\",\"urlTemplate\":\"https:\\\/\\\/lyonbiopole.com\\\/?s={search_term_string}\"},\"query-input\":{\"@type\":\"PropertyValueSpecification\",\"valueRequired\":true,\"valueName\":\"search_term_string\"}}],\"inLanguage\":\"en-US\"}]}<\/script>\n<!-- \/ Yoast SEO plugin. -->","yoast_head_json":{"title":"Skills & Trades - Lyonbiop\u00f4le","robots":{"index":"index","follow":"follow","max-snippet":"max-snippet:-1","max-image-preview":"max-image-preview:large","max-video-preview":"max-video-preview:-1"},"canonical":"https:\/\/lyonbiopole.com\/en\/health-business-development\/skills-trades","og_locale":"en_US","og_type":"article","og_title":"Skills & Trades - Lyonbiop\u00f4le","og_url":"https:\/\/lyonbiopole.com\/en\/health-business-development\/skills-trades","og_site_name":"Lyonbiop\u00f4le","article_modified_time":"2022-05-27T10:04:31+00:00","twitter_card":"summary_large_image","schema":{"@context":"https:\/\/schema.org","@graph":[{"@type":"WebPage","@id":"https:\/\/lyonbiopole.com\/en\/health-business-development\/skills-trades","url":"https:\/\/lyonbiopole.com\/en\/health-business-development\/skills-trades","name":"Skills & Trades - Lyonbiop\u00f4le","isPartOf":{"@id":"https:\/\/lyonbiopole.com\/#website"},"datePublished":"2021-12-15T22:42:42+00:00","dateModified":"2022-05-27T10:04:31+00:00","breadcrumb":{"@id":"https:\/\/lyonbiopole.com\/en\/health-business-development\/skills-trades#breadcrumb"},"inLanguage":"en-US","potentialAction":[{"@type":"ReadAction","target":["https:\/\/lyonbiopole.com\/en\/health-business-development\/skills-trades"]}]},{"@type":"BreadcrumbList","@id":"https:\/\/lyonbiopole.com\/en\/health-business-development\/skills-trades#breadcrumb","itemListElement":[{"@type":"ListItem","position":1,"name":"Develop","item":"https:\/\/lyonbiopole.com\/en\/health-business-development"},{"@type":"ListItem","position":2,"name":"Skills &#038; Trades"}]},{"@type":"WebSite","@id":"https:\/\/lyonbiopole.com\/#website","url":"https:\/\/lyonbiopole.com\/","name":"Lyonbiop\u00f4le","description":"Le r\u00e9seau innovation sant\u00e9 de la r\u00e9gion Auvergne Rh\u00f4ne-Alpes","potentialAction":[{"@type":"SearchAction","target":{"@type":"EntryPoint","urlTemplate":"https:\/\/lyonbiopole.com\/?s={search_term_string}"},"query-input":{"@type":"PropertyValueSpecification","valueRequired":true,"valueName":"search_term_string"}}],"inLanguage":"en-US"}]}},"_links":{"self":[{"href":"https:\/\/lyonbiopole.com\/en\/wp-json\/wp\/v2\/pages\/5888","targetHints":{"allow":["GET"]}}],"collection":[{"href":"https:\/\/lyonbiopole.com\/en\/wp-json\/wp\/v2\/pages"}],"about":[{"href":"https:\/\/lyonbiopole.com\/en\/wp-json\/wp\/v2\/types\/page"}],"author":[{"embeddable":true,"href":"https:\/\/lyonbiopole.com\/en\/wp-json\/wp\/v2\/users\/2"}],"replies":[{"embeddable":true,"href":"https:\/\/lyonbiopole.com\/en\/wp-json\/wp\/v2\/comments?post=5888"}],"version-history":[{"count":0,"href":"https:\/\/lyonbiopole.com\/en\/wp-json\/wp\/v2\/pages\/5888\/revisions"}],"up":[{"embeddable":true,"href":"https:\/\/lyonbiopole.com\/en\/wp-json\/wp\/v2\/pages\/5893"}],"wp:attachment":[{"href":"https:\/\/lyonbiopole.com\/en\/wp-json\/wp\/v2\/media?parent=5888"}],"curies":[{"name":"wp","href":"https:\/\/api.w.org\/{rel}","templated":true}]}}